{"id":6,"date":"2014-02-24T20:41:47","date_gmt":"2014-02-24T20:41:47","guid":{"rendered":"http:\/\/coachingseries.com\/membership\/oops-this-content-is-members-only\/"},"modified":"2015-08-01T10:42:20","modified_gmt":"2015-08-01T09:42:20","slug":"oops-this-content-is-members-only","status":"publish","type":"page","link":"https:\/\/coachingseries.com\/membership\/oops-this-content-is-members-only\/","title":{"rendered":"Oops! Ce contenu est r\u00e9serv\u00e9 aux membres du site"},"content":{"rendered":"<p>Merci pour votre visite sur ce site de coaching et d&#8217;accompagnement. Le contenu et les outils que vous essayez de voir est r\u00e9serv\u00e9 uniquement aux membres.<\/p>\n<p><strong>Vous voulez en savoir plus sur <a href=\"http:\/\/www.coachingseries.com\/index.php\/savoir-influencer\/140-influence\" target=\"_blank\">nos diff\u00e9rents programmes de coaching<\/a> et notre\u00a0certification de coach professionnel, suivez <a href=\"http:\/\/www.coachingseries.com\/index.php\/certification\">ce lien<\/a><\/strong><\/p>\n<p>Vous pouvez aussi lire et regarder nos diff\u00e9rents conseils et outils libres d&#8217;acc\u00e8s directement sur la partie non-membre de notre site: <a href=\"http:\/\/www.CoachingSeries.com\" target=\"_blank\">CoachingSeries<\/a><\/p>\n<p>Pour ceux ayant la chance d&#8217;avoir acc\u00e8s \u00e0 ce contenu, veuillez vous enregistrer dans la fen\u00eatre pr\u00e9vue \u00e0 cet effet.<\/p>\n<p><a href=\"http:\/\/www.coachingseries.com\/index.php\/certification\"><img data-recalc-dims=\"1\" loading=\"lazy\" decoding=\"async\" class=\"size-medium wp-image-33\" src=\"https:\/\/i0.wp.com\/coachingseries.com\/membership\/wp-content\/uploads\/2014\/02\/reserve.jpg?resize=300%2C300&#038;ssl=1\" alt=\"R\u00e9serv\u00e9 aux membres\" width=\"300\" height=\"300\" \/><\/a><\/p>\n<p>R\u00e9serv\u00e9 aux membres<\/p>\n","protected":false},"excerpt":{"rendered":"<p>Merci pour votre visite sur ce site de coaching et d&#8217;accompagnement. Le contenu et les outils que vous essayez de [&hellip;]<\/p>\n","protected":false},"author":1,"featured_media":0,"parent":0,"menu_order":0,"comment_status":"closed","ping_status":"open","template":"","meta":{"jetpack_post_was_ever_published":false,"footnotes":""},"class_list":["post-6","page","type-page","status-publish","hentry"],"yoast_head":"<!-- This site is optimized with the Yoast SEO plugin v27.4 - https:\/\/yoast.com\/product\/yoast-seo-wordpress\/ -->\n<title>Oops! Ce contenu est r\u00e9serv\u00e9 aux membres du site - Coaching Series - R\u00e9serv\u00e9 aux membres<\/title>\n<meta name=\"robots\" content=\"index, follow, max-snippet:-1, max-image-preview:large, max-video-preview:-1\" \/>\n<link rel=\"canonical\" href=\"https:\/\/coachingseries.com\/membership\/oops-this-content-is-members-only\/\" \/>\n<meta property=\"og:locale\" content=\"fr_FR\" \/>\n<meta property=\"og:type\" content=\"article\" \/>\n<meta property=\"og:title\" content=\"Oops! Ce contenu est r\u00e9serv\u00e9 aux membres du site - Coaching Series - R\u00e9serv\u00e9 aux membres\" \/>\n<meta property=\"og:description\" content=\"Merci pour votre visite sur ce site de coaching et d&#8217;accompagnement. Le contenu et les outils que vous essayez de [&hellip;]\" \/>\n<meta property=\"og:url\" content=\"https:\/\/coachingseries.com\/membership\/oops-this-content-is-members-only\/\" \/>\n<meta property=\"og:site_name\" content=\"Coaching Series - R\u00e9serv\u00e9 aux membres\" \/>\n<meta property=\"article:publisher\" content=\"https:\/\/www.facebook.com\/Coachingseries\/\" \/>\n<meta property=\"article:modified_time\" content=\"2015-08-01T09:42:20+00:00\" \/>\n<meta property=\"og:image\" content=\"http:\/\/coachingseries.com\/membership\/wp-content\/uploads\/2014\/02\/reserve-300x300.jpg\" \/>\n<meta name=\"twitter:card\" content=\"summary_large_image\" \/>\n<meta name=\"twitter:site\" content=\"@sepibus\" \/>\n<script type=\"application\/ld+json\" class=\"yoast-schema-graph\">{\"@context\":\"https:\\\/\\\/schema.org\",\"@graph\":[{\"@type\":\"WebPage\",\"@id\":\"https:\\\/\\\/coachingseries.com\\\/membership\\\/oops-this-content-is-members-only\\\/\",\"url\":\"https:\\\/\\\/coachingseries.com\\\/membership\\\/oops-this-content-is-members-only\\\/\",\"name\":\"Oops! Ce contenu est r\u00e9serv\u00e9 aux membres du site - Coaching Series - R\u00e9serv\u00e9 aux membres\",\"isPartOf\":{\"@id\":\"https:\\\/\\\/coachingseries.com\\\/membership\\\/#website\"},\"primaryImageOfPage\":{\"@id\":\"https:\\\/\\\/coachingseries.com\\\/membership\\\/oops-this-content-is-members-only\\\/#primaryimage\"},\"image\":{\"@id\":\"https:\\\/\\\/coachingseries.com\\\/membership\\\/oops-this-content-is-members-only\\\/#primaryimage\"},\"thumbnailUrl\":\"http:\\\/\\\/coachingseries.com\\\/membership\\\/wp-content\\\/uploads\\\/2014\\\/02\\\/reserve-300x300.jpg\",\"datePublished\":\"2014-02-24T20:41:47+00:00\",\"dateModified\":\"2015-08-01T09:42:20+00:00\",\"breadcrumb\":{\"@id\":\"https:\\\/\\\/coachingseries.com\\\/membership\\\/oops-this-content-is-members-only\\\/#breadcrumb\"},\"inLanguage\":\"fr-FR\",\"potentialAction\":[{\"@type\":\"ReadAction\",\"target\":[\"https:\\\/\\\/coachingseries.com\\\/membership\\\/oops-this-content-is-members-only\\\/\"]}]},{\"@type\":\"ImageObject\",\"inLanguage\":\"fr-FR\",\"@id\":\"https:\\\/\\\/coachingseries.com\\\/membership\\\/oops-this-content-is-members-only\\\/#primaryimage\",\"url\":\"http:\\\/\\\/coachingseries.com\\\/membership\\\/wp-content\\\/uploads\\\/2014\\\/02\\\/reserve-300x300.jpg\",\"contentUrl\":\"http:\\\/\\\/coachingseries.com\\\/membership\\\/wp-content\\\/uploads\\\/2014\\\/02\\\/reserve-300x300.jpg\"},{\"@type\":\"BreadcrumbList\",\"@id\":\"https:\\\/\\\/coachingseries.com\\\/membership\\\/oops-this-content-is-members-only\\\/#breadcrumb\",\"itemListElement\":[{\"@type\":\"ListItem\",\"position\":1,\"name\":\"Accueil\",\"item\":\"https:\\\/\\\/coachingseries.com\\\/membership\\\/\"},{\"@type\":\"ListItem\",\"position\":2,\"name\":\"Oops! Ce contenu est r\u00e9serv\u00e9 aux membres du site\"}]},{\"@type\":\"WebSite\",\"@id\":\"https:\\\/\\\/coachingseries.com\\\/membership\\\/#website\",\"url\":\"https:\\\/\\\/coachingseries.com\\\/membership\\\/\",\"name\":\"Coaching Series - R\u00e9serv\u00e9 aux membres\",\"description\":\"Les formations des meilleurs pour la francophonie\",\"publisher\":{\"@id\":\"https:\\\/\\\/coachingseries.com\\\/membership\\\/#organization\"},\"potentialAction\":[{\"@type\":\"SearchAction\",\"target\":{\"@type\":\"EntryPoint\",\"urlTemplate\":\"https:\\\/\\\/coachingseries.com\\\/membership\\\/?s={search_term_string}\"},\"query-input\":{\"@type\":\"PropertyValueSpecification\",\"valueRequired\":true,\"valueName\":\"search_term_string\"}}],\"inLanguage\":\"fr-FR\"},{\"@type\":\"Organization\",\"@id\":\"https:\\\/\\\/coachingseries.com\\\/membership\\\/#organization\",\"name\":\"Coaching Series\",\"url\":\"https:\\\/\\\/coachingseries.com\\\/membership\\\/\",\"logo\":{\"@type\":\"ImageObject\",\"inLanguage\":\"fr-FR\",\"@id\":\"https:\\\/\\\/coachingseries.com\\\/membership\\\/#\\\/schema\\\/logo\\\/image\\\/\",\"url\":\"https:\\\/\\\/i1.wp.com\\\/coachingseries.com\\\/membership\\\/wp-content\\\/uploads\\\/2015\\\/08\\\/Logo-Montagne1.png?fit=242%2C192&ssl=1\",\"contentUrl\":\"https:\\\/\\\/i1.wp.com\\\/coachingseries.com\\\/membership\\\/wp-content\\\/uploads\\\/2015\\\/08\\\/Logo-Montagne1.png?fit=242%2C192&ssl=1\",\"width\":242,\"height\":192,\"caption\":\"Coaching Series\"},\"image\":{\"@id\":\"https:\\\/\\\/coachingseries.com\\\/membership\\\/#\\\/schema\\\/logo\\\/image\\\/\"},\"sameAs\":[\"https:\\\/\\\/www.facebook.com\\\/Coachingseries\\\/\",\"https:\\\/\\\/x.com\\\/sepibus\",\"http:\\\/\\\/instagram.com\\\/psepibus\\\/\",\"http:\\\/\\\/linkedin.com\\\/in\\\/sepibus\",\"http:\\\/\\\/pinterest.com\\\/sepibus\\\/\",\"https:\\\/\\\/www.youtube.com\\\/user\\\/CoachingSeries\\\/\"]}]}<\/script>\n<!-- \/ Yoast SEO plugin. -->","yoast_head_json":{"title":"Oops! Ce contenu est r\u00e9serv\u00e9 aux membres du site - Coaching Series - R\u00e9serv\u00e9 aux membres","robots":{"index":"index","follow":"follow","max-snippet":"max-snippet:-1","max-image-preview":"max-image-preview:large","max-video-preview":"max-video-preview:-1"},"canonical":"https:\/\/coachingseries.com\/membership\/oops-this-content-is-members-only\/","og_locale":"fr_FR","og_type":"article","og_title":"Oops! Ce contenu est r\u00e9serv\u00e9 aux membres du site - Coaching Series - R\u00e9serv\u00e9 aux membres","og_description":"Merci pour votre visite sur ce site de coaching et d&#8217;accompagnement. Le contenu et les outils que vous essayez de [&hellip;]","og_url":"https:\/\/coachingseries.com\/membership\/oops-this-content-is-members-only\/","og_site_name":"Coaching Series - R\u00e9serv\u00e9 aux membres","article_publisher":"https:\/\/www.facebook.com\/Coachingseries\/","article_modified_time":"2015-08-01T09:42:20+00:00","og_image":[{"url":"http:\/\/coachingseries.com\/membership\/wp-content\/uploads\/2014\/02\/reserve-300x300.jpg","type":"","width":"","height":""}],"twitter_card":"summary_large_image","twitter_site":"@sepibus","schema":{"@context":"https:\/\/schema.org","@graph":[{"@type":"WebPage","@id":"https:\/\/coachingseries.com\/membership\/oops-this-content-is-members-only\/","url":"https:\/\/coachingseries.com\/membership\/oops-this-content-is-members-only\/","name":"Oops! Ce contenu est r\u00e9serv\u00e9 aux membres du site - Coaching Series - R\u00e9serv\u00e9 aux membres","isPartOf":{"@id":"https:\/\/coachingseries.com\/membership\/#website"},"primaryImageOfPage":{"@id":"https:\/\/coachingseries.com\/membership\/oops-this-content-is-members-only\/#primaryimage"},"image":{"@id":"https:\/\/coachingseries.com\/membership\/oops-this-content-is-members-only\/#primaryimage"},"thumbnailUrl":"http:\/\/coachingseries.com\/membership\/wp-content\/uploads\/2014\/02\/reserve-300x300.jpg","datePublished":"2014-02-24T20:41:47+00:00","dateModified":"2015-08-01T09:42:20+00:00","breadcrumb":{"@id":"https:\/\/coachingseries.com\/membership\/oops-this-content-is-members-only\/#breadcrumb"},"inLanguage":"fr-FR","potentialAction":[{"@type":"ReadAction","target":["https:\/\/coachingseries.com\/membership\/oops-this-content-is-members-only\/"]}]},{"@type":"ImageObject","inLanguage":"fr-FR","@id":"https:\/\/coachingseries.com\/membership\/oops-this-content-is-members-only\/#primaryimage","url":"http:\/\/coachingseries.com\/membership\/wp-content\/uploads\/2014\/02\/reserve-300x300.jpg","contentUrl":"http:\/\/coachingseries.com\/membership\/wp-content\/uploads\/2014\/02\/reserve-300x300.jpg"},{"@type":"BreadcrumbList","@id":"https:\/\/coachingseries.com\/membership\/oops-this-content-is-members-only\/#breadcrumb","itemListElement":[{"@type":"ListItem","position":1,"name":"Accueil","item":"https:\/\/coachingseries.com\/membership\/"},{"@type":"ListItem","position":2,"name":"Oops! Ce contenu est r\u00e9serv\u00e9 aux membres du site"}]},{"@type":"WebSite","@id":"https:\/\/coachingseries.com\/membership\/#website","url":"https:\/\/coachingseries.com\/membership\/","name":"Coaching Series - R\u00e9serv\u00e9 aux membres","description":"Les formations des meilleurs pour la francophonie","publisher":{"@id":"https:\/\/coachingseries.com\/membership\/#organization"},"potentialAction":[{"@type":"SearchAction","target":{"@type":"EntryPoint","urlTemplate":"https:\/\/coachingseries.com\/membership\/?s={search_term_string}"},"query-input":{"@type":"PropertyValueSpecification","valueRequired":true,"valueName":"search_term_string"}}],"inLanguage":"fr-FR"},{"@type":"Organization","@id":"https:\/\/coachingseries.com\/membership\/#organization","name":"Coaching Series","url":"https:\/\/coachingseries.com\/membership\/","logo":{"@type":"ImageObject","inLanguage":"fr-FR","@id":"https:\/\/coachingseries.com\/membership\/#\/schema\/logo\/image\/","url":"https:\/\/i1.wp.com\/coachingseries.com\/membership\/wp-content\/uploads\/2015\/08\/Logo-Montagne1.png?fit=242%2C192&ssl=1","contentUrl":"https:\/\/i1.wp.com\/coachingseries.com\/membership\/wp-content\/uploads\/2015\/08\/Logo-Montagne1.png?fit=242%2C192&ssl=1","width":242,"height":192,"caption":"Coaching Series"},"image":{"@id":"https:\/\/coachingseries.com\/membership\/#\/schema\/logo\/image\/"},"sameAs":["https:\/\/www.facebook.com\/Coachingseries\/","https:\/\/x.com\/sepibus","http:\/\/instagram.com\/psepibus\/","http:\/\/linkedin.com\/in\/sepibus","http:\/\/pinterest.com\/sepibus\/","https:\/\/www.youtube.com\/user\/CoachingSeries\/"]}]}},"jetpack_shortlink":"https:\/\/wp.me\/P4vozx-6","jetpack-related-posts":[],"jetpack_likes_enabled":true,"jetpack_sharing_enabled":true,"_links":{"self":[{"href":"https:\/\/coachingseries.com\/membership\/wp-json\/wp\/v2\/pages\/6","targetHints":{"allow":["GET"]}}],"collection":[{"href":"https:\/\/coachingseries.com\/membership\/wp-json\/wp\/v2\/pages"}],"about":[{"href":"https:\/\/coachingseries.com\/membership\/wp-json\/wp\/v2\/types\/page"}],"author":[{"embeddable":true,"href":"https:\/\/coachingseries.com\/membership\/wp-json\/wp\/v2\/users\/1"}],"replies":[{"embeddable":true,"href":"https:\/\/coachingseries.com\/membership\/wp-json\/wp\/v2\/comments?post=6"}],"version-history":[{"count":5,"href":"https:\/\/coachingseries.com\/membership\/wp-json\/wp\/v2\/pages\/6\/revisions"}],"predecessor-version":[{"id":198,"href":"https:\/\/coachingseries.com\/membership\/wp-json\/wp\/v2\/pages\/6\/revisions\/198"}],"wp:attachment":[{"href":"https:\/\/coachingseries.com\/membership\/wp-json\/wp\/v2\/media?parent=6"}],"curies":[{"name":"wp","href":"https:\/\/api.w.org\/{rel}","templated":true}]}}