{"id":598,"date":"2017-03-05T14:47:29","date_gmt":"2017-03-05T13:47:29","guid":{"rendered":"http:\/\/coachingseries.com\/membership\/?page_id=598"},"modified":"2022-10-04T17:09:13","modified_gmt":"2022-10-04T16:09:13","slug":"recette-exceleration","status":"publish","type":"page","link":"https:\/\/coachingseries.com\/membership\/recette-exceleration\/","title":{"rendered":"Recette d&#8217;exceleration"},"content":{"rendered":"<div class=\"section-full-width section-light parallax-scroll\" style=\"background-color:#f4fafc;\"><div style=\"background-image:url(https:\/\/coachingseries.com\/membership\/wp-content\/uploads\/2017\/03\/top.png); opacity:0.4; filter: alpha(opacity=40);\" class=\"full-bg-image\" ><\/div><div class=\"section-boxed\" style=\"color:#0f749c;\"><h4 style=\"color:#105c7a;\" class=\"sub-title\">Recette<\/h4><h2 class=\"section-title\" style=\"color:#105c7a;\">d&#39;exceleration<\/h2>L&#8217;exceleration est une nouvelle approche permettant d&#8217;aller vers l&#8217;excellence en utilisant des principes d&#8217;acc\u00e9l\u00e9ration.<\/p>\n<p>La neuro-science, la neuro-ergonomie, la suggestologie, l&#8217;akm\u00e9ologie permettent aujourd&#8217;hui de vous propulser bien plus rapidement vers les r\u00e9sultats que vous d\u00e9sirez obtenir.<\/p>\n<p>T\u00e9l\u00e9chargez ci-dessous notre livret de recette d&#8217;exceleration pour d\u00e9j\u00e0 aujourd&#8217;hui faire les premiers pas vers vos objectifs.<\/p>\n<p><\/div><\/div>\n<p><!-- Begin MailChimp Signup Form --><\/p>\n<style type=\"text\/css\">\n\t#mc_embed_signup{background:#fff; clear:left; font:14px Helvetica,Arial,sans-serif; }<br \/>\t\/* Add your own MailChimp form style overrides in your site stylesheet or in this style block.<br \/>\t   We recommend moving this block and the preceding CSS link to the HEAD of your HTML file. *\/<br \/><\/style>\n<div id=\"mc_embed_signup\" style=\"text-align: center;\">\n<form id=\"mc-embedded-subscribe-form\" class=\"validate\" action=\"\/\/coachingseries.us9.list-manage.com\/subscribe\/post?u=a49f76be29cc38c69afe2340a&amp;id=7fff1498f1\" method=\"post\" name=\"mc-embedded-subscribe-form\" novalidate=\"\" target=\"_blank\">\n<div id=\"mc_embed_signup_scroll\">\n<div class=\"mc-field-group\"><label for=\"mce-EMAIL\">Adresse Email:<\/label><br \/>\n<input id=\"mce-EMAIL\" class=\"required email\" name=\"EMAIL\" type=\"email\" value=\"\" \/><\/div>\n<div class=\"mc-field-group\"><label for=\"mce-FNAME\">Pr\u00e9nom <\/label><br \/>\n<input id=\"mce-FNAME\" class=\"\" name=\"FNAME\" type=\"text\" value=\"\" \/><\/div>\n<div class=\"mc-field-group\"><label for=\"mce-LNAME\">Nom <\/label><br \/>\n<input id=\"mce-LNAME\" class=\"\" name=\"LNAME\" type=\"text\" value=\"\" \/><\/div>\n<div id=\"mce-responses\" class=\"clear\"><\/div>\n<p><!-- real people should not fill this in and expect good things - do not remove this or risk form bot signups--><\/p>\n<div style=\"position: absolute; left: -5000px;\"><input tabindex=\"-1\" name=\"b_a49f76be29cc38c69afe2340a_7fff1498f1\" type=\"text\" value=\"\" \/><\/div>\n<div class=\"clear\"><input id=\"mc-embedded-subscribe\" class=\"button\" name=\"subscribe\" type=\"submit\" value=\"T\u00e9l\u00e9charger mon livret\" \/><\/div>\n<\/div>\n<\/form>\n<\/div>\n<p><script type='text\/javascript' src='\/\/s3.amazonaws.com\/downloads.mailchimp.com\/js\/mc-validate.js'><\/script><script type='text\/javascript'>(function($) {window.fnames = new Array(); window.ftypes = new Array();fnames[0]='EMAIL';ftypes[0]='email';fnames[1]='FNAME';ftypes[1]='text';fnames[2]='LNAME';ftypes[2]='text'; \/*\n * Translated default messages for the $ validation plugin.\n * Locale: FR\n *\/\n$.extend($.validator.messages, {\n        required: \"Ce champ est requis.\",\n        remote: \"Veuillez remplir ce champ pour continuer.\",\n        email: \"Veuillez entrer une adresse email valide.\",\n        url: \"Veuillez entrer une URL valide.\",\n        date: \"Veuillez entrer une date valide.\",\n        dateISO: \"Veuillez entrer une date valide (ISO).\",\n        number: \"Veuillez entrer un nombre valide.\",\n        digits: \"Veuillez entrer (seulement) une valeur num\u00e9rique.\",\n        creditcard: \"Veuillez entrer un num\u00e9ro de carte de cr\u00e9dit valide.\",\n        equalTo: \"Veuillez entrer une nouvelle fois la m\u00eame valeur.\",\n        accept: \"Veuillez entrer une valeur avec une extension valide.\",\n        maxlength: $.validator.format(\"Veuillez ne pas entrer plus de {0} caract\u00e8res.\"),\n        minlength: $.validator.format(\"Veuillez entrer au moins {0} caract\u00e8res.\"),\n        rangelength: $.validator.format(\"Veuillez entrer entre {0} et {1} caract\u00e8res.\"),\n        range: $.validator.format(\"Veuillez entrer une valeur entre {0} et {1}.\"),\n        max: $.validator.format(\"Veuillez entrer une valeur inf\u00e9rieure ou \u00e9gale \u00e0 {0}.\"),\n        min: $.validator.format(\"Veuillez entrer une valeur sup\u00e9rieure ou \u00e9gale \u00e0 {0}.\")\n});}(jQuery));var $mcj = jQuery.noConflict(true);<\/script><br \/>\n<!--End mc_embed_signup--><\/p>\n","protected":false},"excerpt":{"rendered":"<p>Adresse Email: Pr\u00e9nom Nom<\/p>\n","protected":false},"author":1,"featured_media":0,"parent":0,"menu_order":0,"comment_status":"closed","ping_status":"closed","template":"template-full-custom.php","meta":{"jetpack_post_was_ever_published":false,"footnotes":""},"class_list":["post-598","page","type-page","status-publish","hentry"],"yoast_head":"<!-- This site is optimized with the Yoast SEO plugin v27.3 - https:\/\/yoast.com\/product\/yoast-seo-wordpress\/ -->\n<title>Recette d&#039;exceleration - Coaching Series - R\u00e9serv\u00e9 aux membres<\/title>\n<meta name=\"robots\" content=\"index, follow, max-snippet:-1, max-image-preview:large, max-video-preview:-1\" \/>\n<link rel=\"canonical\" href=\"https:\/\/coachingseries.com\/membership\/recette-exceleration\/\" \/>\n<meta property=\"og:locale\" content=\"fr_FR\" \/>\n<meta property=\"og:type\" content=\"article\" \/>\n<meta property=\"og:title\" content=\"Recette d&#039;exceleration - Coaching Series - R\u00e9serv\u00e9 aux membres\" \/>\n<meta property=\"og:description\" content=\"Adresse Email: Pr\u00e9nom Nom\" \/>\n<meta property=\"og:url\" content=\"https:\/\/coachingseries.com\/membership\/recette-exceleration\/\" \/>\n<meta property=\"og:site_name\" content=\"Coaching Series - R\u00e9serv\u00e9 aux membres\" \/>\n<meta property=\"article:publisher\" content=\"https:\/\/www.facebook.com\/Coachingseries\/\" \/>\n<meta property=\"article:modified_time\" content=\"2022-10-04T16:09:13+00:00\" \/>\n<meta name=\"twitter:card\" content=\"summary_large_image\" \/>\n<meta name=\"twitter:site\" content=\"@sepibus\" \/>\n<meta name=\"twitter:label1\" content=\"Dur\u00e9e de lecture estim\u00e9e\" \/>\n\t<meta name=\"twitter:data1\" content=\"1 minute\" \/>\n<script type=\"application\/ld+json\" class=\"yoast-schema-graph\">{\"@context\":\"https:\\\/\\\/schema.org\",\"@graph\":[{\"@type\":\"WebPage\",\"@id\":\"https:\\\/\\\/coachingseries.com\\\/membership\\\/recette-exceleration\\\/\",\"url\":\"https:\\\/\\\/coachingseries.com\\\/membership\\\/recette-exceleration\\\/\",\"name\":\"Recette d'exceleration - Coaching Series - R\u00e9serv\u00e9 aux membres\",\"isPartOf\":{\"@id\":\"https:\\\/\\\/coachingseries.com\\\/membership\\\/#website\"},\"datePublished\":\"2017-03-05T13:47:29+00:00\",\"dateModified\":\"2022-10-04T16:09:13+00:00\",\"breadcrumb\":{\"@id\":\"https:\\\/\\\/coachingseries.com\\\/membership\\\/recette-exceleration\\\/#breadcrumb\"},\"inLanguage\":\"fr-FR\",\"potentialAction\":[{\"@type\":\"ReadAction\",\"target\":[\"https:\\\/\\\/coachingseries.com\\\/membership\\\/recette-exceleration\\\/\"]}]},{\"@type\":\"BreadcrumbList\",\"@id\":\"https:\\\/\\\/coachingseries.com\\\/membership\\\/recette-exceleration\\\/#breadcrumb\",\"itemListElement\":[{\"@type\":\"ListItem\",\"position\":1,\"name\":\"Accueil\",\"item\":\"https:\\\/\\\/coachingseries.com\\\/membership\\\/\"},{\"@type\":\"ListItem\",\"position\":2,\"name\":\"Recette d&#8217;exceleration\"}]},{\"@type\":\"WebSite\",\"@id\":\"https:\\\/\\\/coachingseries.com\\\/membership\\\/#website\",\"url\":\"https:\\\/\\\/coachingseries.com\\\/membership\\\/\",\"name\":\"Coaching Series - R\u00e9serv\u00e9 aux membres\",\"description\":\"Les formations des meilleurs pour la francophonie\",\"publisher\":{\"@id\":\"https:\\\/\\\/coachingseries.com\\\/membership\\\/#organization\"},\"potentialAction\":[{\"@type\":\"SearchAction\",\"target\":{\"@type\":\"EntryPoint\",\"urlTemplate\":\"https:\\\/\\\/coachingseries.com\\\/membership\\\/?s={search_term_string}\"},\"query-input\":{\"@type\":\"PropertyValueSpecification\",\"valueRequired\":true,\"valueName\":\"search_term_string\"}}],\"inLanguage\":\"fr-FR\"},{\"@type\":\"Organization\",\"@id\":\"https:\\\/\\\/coachingseries.com\\\/membership\\\/#organization\",\"name\":\"Coaching Series\",\"url\":\"https:\\\/\\\/coachingseries.com\\\/membership\\\/\",\"logo\":{\"@type\":\"ImageObject\",\"inLanguage\":\"fr-FR\",\"@id\":\"https:\\\/\\\/coachingseries.com\\\/membership\\\/#\\\/schema\\\/logo\\\/image\\\/\",\"url\":\"https:\\\/\\\/i1.wp.com\\\/coachingseries.com\\\/membership\\\/wp-content\\\/uploads\\\/2015\\\/08\\\/Logo-Montagne1.png?fit=242%2C192&ssl=1\",\"contentUrl\":\"https:\\\/\\\/i1.wp.com\\\/coachingseries.com\\\/membership\\\/wp-content\\\/uploads\\\/2015\\\/08\\\/Logo-Montagne1.png?fit=242%2C192&ssl=1\",\"width\":242,\"height\":192,\"caption\":\"Coaching Series\"},\"image\":{\"@id\":\"https:\\\/\\\/coachingseries.com\\\/membership\\\/#\\\/schema\\\/logo\\\/image\\\/\"},\"sameAs\":[\"https:\\\/\\\/www.facebook.com\\\/Coachingseries\\\/\",\"https:\\\/\\\/x.com\\\/sepibus\",\"http:\\\/\\\/instagram.com\\\/psepibus\\\/\",\"http:\\\/\\\/linkedin.com\\\/in\\\/sepibus\",\"http:\\\/\\\/pinterest.com\\\/sepibus\\\/\",\"https:\\\/\\\/www.youtube.com\\\/user\\\/CoachingSeries\\\/\"]}]}<\/script>\n<!-- \/ Yoast SEO plugin. -->","yoast_head_json":{"title":"Recette d'exceleration - Coaching Series - R\u00e9serv\u00e9 aux membres","robots":{"index":"index","follow":"follow","max-snippet":"max-snippet:-1","max-image-preview":"max-image-preview:large","max-video-preview":"max-video-preview:-1"},"canonical":"https:\/\/coachingseries.com\/membership\/recette-exceleration\/","og_locale":"fr_FR","og_type":"article","og_title":"Recette d'exceleration - Coaching Series - R\u00e9serv\u00e9 aux membres","og_description":"Adresse Email: Pr\u00e9nom Nom","og_url":"https:\/\/coachingseries.com\/membership\/recette-exceleration\/","og_site_name":"Coaching Series - R\u00e9serv\u00e9 aux membres","article_publisher":"https:\/\/www.facebook.com\/Coachingseries\/","article_modified_time":"2022-10-04T16:09:13+00:00","twitter_card":"summary_large_image","twitter_site":"@sepibus","twitter_misc":{"Dur\u00e9e de lecture estim\u00e9e":"1 minute"},"schema":{"@context":"https:\/\/schema.org","@graph":[{"@type":"WebPage","@id":"https:\/\/coachingseries.com\/membership\/recette-exceleration\/","url":"https:\/\/coachingseries.com\/membership\/recette-exceleration\/","name":"Recette d'exceleration - Coaching Series - R\u00e9serv\u00e9 aux membres","isPartOf":{"@id":"https:\/\/coachingseries.com\/membership\/#website"},"datePublished":"2017-03-05T13:47:29+00:00","dateModified":"2022-10-04T16:09:13+00:00","breadcrumb":{"@id":"https:\/\/coachingseries.com\/membership\/recette-exceleration\/#breadcrumb"},"inLanguage":"fr-FR","potentialAction":[{"@type":"ReadAction","target":["https:\/\/coachingseries.com\/membership\/recette-exceleration\/"]}]},{"@type":"BreadcrumbList","@id":"https:\/\/coachingseries.com\/membership\/recette-exceleration\/#breadcrumb","itemListElement":[{"@type":"ListItem","position":1,"name":"Accueil","item":"https:\/\/coachingseries.com\/membership\/"},{"@type":"ListItem","position":2,"name":"Recette d&#8217;exceleration"}]},{"@type":"WebSite","@id":"https:\/\/coachingseries.com\/membership\/#website","url":"https:\/\/coachingseries.com\/membership\/","name":"Coaching Series - R\u00e9serv\u00e9 aux membres","description":"Les formations des meilleurs pour la francophonie","publisher":{"@id":"https:\/\/coachingseries.com\/membership\/#organization"},"potentialAction":[{"@type":"SearchAction","target":{"@type":"EntryPoint","urlTemplate":"https:\/\/coachingseries.com\/membership\/?s={search_term_string}"},"query-input":{"@type":"PropertyValueSpecification","valueRequired":true,"valueName":"search_term_string"}}],"inLanguage":"fr-FR"},{"@type":"Organization","@id":"https:\/\/coachingseries.com\/membership\/#organization","name":"Coaching Series","url":"https:\/\/coachingseries.com\/membership\/","logo":{"@type":"ImageObject","inLanguage":"fr-FR","@id":"https:\/\/coachingseries.com\/membership\/#\/schema\/logo\/image\/","url":"https:\/\/i1.wp.com\/coachingseries.com\/membership\/wp-content\/uploads\/2015\/08\/Logo-Montagne1.png?fit=242%2C192&ssl=1","contentUrl":"https:\/\/i1.wp.com\/coachingseries.com\/membership\/wp-content\/uploads\/2015\/08\/Logo-Montagne1.png?fit=242%2C192&ssl=1","width":242,"height":192,"caption":"Coaching Series"},"image":{"@id":"https:\/\/coachingseries.com\/membership\/#\/schema\/logo\/image\/"},"sameAs":["https:\/\/www.facebook.com\/Coachingseries\/","https:\/\/x.com\/sepibus","http:\/\/instagram.com\/psepibus\/","http:\/\/linkedin.com\/in\/sepibus","http:\/\/pinterest.com\/sepibus\/","https:\/\/www.youtube.com\/user\/CoachingSeries\/"]}]}},"jetpack_shortlink":"https:\/\/wp.me\/P4vozx-9E","jetpack-related-posts":[],"jetpack_likes_enabled":true,"jetpack_sharing_enabled":true,"_links":{"self":[{"href":"https:\/\/coachingseries.com\/membership\/wp-json\/wp\/v2\/pages\/598","targetHints":{"allow":["GET"]}}],"collection":[{"href":"https:\/\/coachingseries.com\/membership\/wp-json\/wp\/v2\/pages"}],"about":[{"href":"https:\/\/coachingseries.com\/membership\/wp-json\/wp\/v2\/types\/page"}],"author":[{"embeddable":true,"href":"https:\/\/coachingseries.com\/membership\/wp-json\/wp\/v2\/users\/1"}],"replies":[{"embeddable":true,"href":"https:\/\/coachingseries.com\/membership\/wp-json\/wp\/v2\/comments?post=598"}],"version-history":[{"count":9,"href":"https:\/\/coachingseries.com\/membership\/wp-json\/wp\/v2\/pages\/598\/revisions"}],"predecessor-version":[{"id":801,"href":"https:\/\/coachingseries.com\/membership\/wp-json\/wp\/v2\/pages\/598\/revisions\/801"}],"wp:attachment":[{"href":"https:\/\/coachingseries.com\/membership\/wp-json\/wp\/v2\/media?parent=598"}],"curies":[{"name":"wp","href":"https:\/\/api.w.org\/{rel}","templated":true}]}}